{"id":114,"date":"2020-12-21T09:31:05","date_gmt":"2020-12-21T12:31:05","guid":{"rendered":"https:\/\/carolmira.com\/?page_id=114"},"modified":"2021-02-23T21:01:00","modified_gmt":"2021-02-24T00:01:00","slug":"sobre","status":"publish","type":"page","link":"https:\/\/carolmira.com\/?page_id=114","title":{"rendered":"Sobre"},"content":{"rendered":"\t\t<div data-elementor-type=\"wp-page\" data-elementor-id=\"114\" class=\"elementor elementor-114\" data-elementor-settings=\"[]\">\n\t\t\t\t\t\t<div class=\"elementor-inner\">\n\t\t\t\t\t\t\t<div class=\"elementor-section-wrap\">\n\t\t\t\t\t\t\t<section class=\"elementor-section elementor-top-section elementor-element elementor-element-10b8e34 elementor-section-full_width elementor-section-height-default elementor-section-height-default\" data-id=\"10b8e34\" data-element_type=\"section\" data-settings=\"{&quot;background_background&quot;:&quot;classic&quot;}\">\n\t\t\t\t\t\t\t<div class=\"elementor-background-overlay\"><\/div>\n\t\t\t\t\t\t\t<div class=\"elementor-container elementor-column-gap-default\">\n\t\t\t\t\t\t\t<div class=\"elementor-row\">\n\t\t\t\t\t<div class=\"elementor-column elementor-col-100 elementor-top-column elementor-element elementor-element-d565eac\" data-id=\"d565eac\" data-element_type=\"column\">\n\t\t\t<div class=\"elementor-column-wrap elementor-element-populated\">\n\t\t\t\t\t\t\t<div class=\"elementor-widget-wrap\">\n\t\t\t\t\t\t<div class=\"elementor-element elementor-element-abde88d elementor-widget elementor-widget-text-editor\" data-id=\"abde88d\" data-element_type=\"widget\" data-widget_type=\"text-editor.default\">\n\t\t\t\t<div class=\"elementor-widget-container\">\n\t\t\t\t\t<div class=\"elementor-text-editor elementor-clearfix\">Sobre<\/div>\n\t\t\t\t<\/div>\n\t\t\t\t<\/div>\n\t\t\t\t\t\t<\/div>\n\t\t\t\t\t<\/div>\n\t\t<\/div>\n\t\t\t\t\t\t\t\t<\/div>\n\t\t\t\t\t<\/div>\n\t\t<\/section>\n\t\t\t\t<section class=\"elementor-section elementor-top-section elementor-element elementor-element-7b398a7 elementor-section-boxed elementor-section-height-default elementor-section-height-default\" data-id=\"7b398a7\" data-element_type=\"section\" data-settings=\"{&quot;background_background&quot;:&quot;classic&quot;}\">\n\t\t\t\t\t\t<div class=\"elementor-container elementor-column-gap-default\">\n\t\t\t\t\t\t\t<div class=\"elementor-row\">\n\t\t\t\t\t<div class=\"elementor-column elementor-col-50 elementor-top-column elementor-element elementor-element-c31f6b6\" data-id=\"c31f6b6\" data-element_type=\"column\">\n\t\t\t<div class=\"elementor-column-wrap elementor-element-populated\">\n\t\t\t\t\t\t\t<div class=\"elementor-widget-wrap\">\n\t\t\t\t\t\t<div class=\"elementor-element elementor-element-ed2410a elementor-align-left elementor-mobile-align-center elementor-icon-list--layout-traditional elementor-list-item-link-full_width elementor-widget elementor-widget-icon-list\" data-id=\"ed2410a\" data-element_type=\"widget\" data-widget_type=\"icon-list.default\">\n\t\t\t\t<div class=\"elementor-widget-container\">\n\t\t\t\t\t<ul class=\"elementor-icon-list-items\">\n\t\t\t\t\t\t\t<li class=\"elementor-icon-list-item\">\n\t\t\t\t\t\t\t\t\t\t\t<span class=\"elementor-icon-list-icon\">\n\t\t\t\t\t\t\t<i aria-hidden=\"true\" class=\"far fa-envelope\"><\/i>\t\t\t\t\t\t<\/span>\n\t\t\t\t\t\t\t\t\t\t<span class=\"elementor-icon-list-text\">Newsletter<\/span>\n\t\t\t\t\t\t\t\t\t<\/li>\n\t\t\t\t\t\t<\/ul>\n\t\t\t\t<\/div>\n\t\t\t\t<\/div>\n\t\t\t\t<div class=\"elementor-element elementor-element-23630e1 elementor-widget elementor-widget-text-editor\" data-id=\"23630e1\" data-element_type=\"widget\" data-widget_type=\"text-editor.default\">\n\t\t\t\t<div class=\"elementor-widget-container\">\n\t\t\t\t\t<div class=\"elementor-text-editor elementor-clearfix\"><p>Receba novidades no seu email<\/p><\/div>\n\t\t\t\t<\/div>\n\t\t\t\t<\/div>\n\t\t\t\t\t\t<\/div>\n\t\t\t\t\t<\/div>\n\t\t<\/div>\n\t\t\t\t<div class=\"elementor-column elementor-col-50 elementor-top-column elementor-element elementor-element-2db6f1c tnp-inline\" data-id=\"2db6f1c\" data-element_type=\"column\">\n\t\t\t<div class=\"elementor-column-wrap elementor-element-populated\">\n\t\t\t\t\t\t\t<div class=\"elementor-widget-wrap\">\n\t\t\t\t\t\t<div class=\"elementor-element elementor-element-8488e31 tnp-inline elementor-widget elementor-widget-wp-widget-newsletterwidget\" data-id=\"8488e31\" data-element_type=\"widget\" data-widget_type=\"wp-widget-newsletterwidget.default\">\n\t\t\t\t<div class=\"elementor-widget-container\">\n\t\t\t<div class=\"tnp tnp-widget\"><form method=\"post\" action=\"https:\/\/carolmira.com\/?na=s\">\n\n<input type=\"hidden\" name=\"nr\" value=\"widget\"><input type=\"hidden\" name=\"nlang\" value=\"\"><div class=\"tnp-field tnp-field-firstname\"><label for=\"tnp-name\">Nome completo<\/label>\n<input class=\"tnp-name\" type=\"text\" name=\"nn\" value=\"\"><\/div>\n<div class=\"tnp-field tnp-field-email\"><label for=\"tnp-email\">Email<\/label>\n<input class=\"tnp-email\" type=\"email\" name=\"ne\" value=\"\" required><\/div>\n<div class=\"tnp-field tnp-field-button\"><input class=\"tnp-submit\" type=\"submit\" value=\"Assinar\" >\n<\/div>\n<\/form>\n<\/div>\t\t<\/div>\n\t\t\t\t<\/div>\n\t\t\t\t\t\t<\/div>\n\t\t\t\t\t<\/div>\n\t\t<\/div>\n\t\t\t\t\t\t\t\t<\/div>\n\t\t\t\t\t<\/div>\n\t\t<\/section>\n\t\t\t\t<section class=\"elementor-section elementor-top-section elementor-element elementor-element-f898069 elementor-section-content-middle elementor-section-boxed elementor-section-height-default elementor-section-height-default\" data-id=\"f898069\" data-element_type=\"section\" data-settings=\"{&quot;background_background&quot;:&quot;classic&quot;}\">\n\t\t\t\t\t\t<div class=\"elementor-container elementor-column-gap-default\">\n\t\t\t\t\t\t\t<div class=\"elementor-row\">\n\t\t\t\t\t<div class=\"elementor-column elementor-col-100 elementor-top-column elementor-element elementor-element-240cf1a\" data-id=\"240cf1a\" data-element_type=\"column\">\n\t\t\t<div class=\"elementor-column-wrap elementor-element-populated\">\n\t\t\t\t\t\t\t<div class=\"elementor-widget-wrap\">\n\t\t\t\t\t\t<div class=\"elementor-element elementor-element-2597b9f elementor-widget elementor-widget-text-editor\" data-id=\"2597b9f\" data-element_type=\"widget\" data-widget_type=\"text-editor.default\">\n\t\t\t\t<div class=\"elementor-widget-container\">\n\t\t\t\t\t<div class=\"elementor-text-editor elementor-clearfix\">&#8220;O seu sucesso \u00e9 decis\u00e3o, s\u00f3 depende de voc\u00ea&#8221;<\/div>\n\t\t\t\t<\/div>\n\t\t\t\t<\/div>\n\t\t\t\t\t\t<\/div>\n\t\t\t\t\t<\/div>\n\t\t<\/div>\n\t\t\t\t\t\t\t\t<\/div>\n\t\t\t\t\t<\/div>\n\t\t<\/section>\n\t\t\t\t<section class=\"elementor-section elementor-top-section elementor-element elementor-element-acc028b elementor-section-full_width elementor-reverse-mobile elementor-section-height-default elementor-section-height-default\" data-id=\"acc028b\" data-element_type=\"section\">\n\t\t\t\t\t\t<div class=\"elementor-container elementor-column-gap-default\">\n\t\t\t\t\t\t\t<div class=\"elementor-row\">\n\t\t\t\t\t<div class=\"elementor-column elementor-col-50 elementor-top-column elementor-element elementor-element-b520d07\" data-id=\"b520d07\" data-element_type=\"column\" data-settings=\"{&quot;background_background&quot;:&quot;classic&quot;}\">\n\t\t\t<div class=\"elementor-column-wrap elementor-element-populated\">\n\t\t\t\t\t\t\t<div class=\"elementor-widget-wrap\">\n\t\t\t\t\t\t<div class=\"elementor-element elementor-element-819960d elementor-widget elementor-widget-heading\" data-id=\"819960d\" data-element_type=\"widget\" data-widget_type=\"heading.default\">\n\t\t\t\t<div class=\"elementor-widget-container\">\n\t\t\t<h3 class=\"elementor-heading-title elementor-size-default\">QUEM \u00c9 CAROL MIRA<\/h3>\t\t<\/div>\n\t\t\t\t<\/div>\n\t\t\t\t<div class=\"elementor-element elementor-element-2ccf658 elementor-widget elementor-widget-text-editor\" data-id=\"2ccf658\" data-element_type=\"widget\" data-widget_type=\"text-editor.default\">\n\t\t\t\t<div class=\"elementor-widget-container\">\n\t\t\t\t\t<div class=\"elementor-text-editor elementor-clearfix\"><p>Desenvolvimento Pessoal e Profissional<\/p><\/div>\n\t\t\t\t<\/div>\n\t\t\t\t<\/div>\n\t\t\t\t<div class=\"elementor-element elementor-element-276c3dc elementor-widget elementor-widget-heading\" data-id=\"276c3dc\" data-element_type=\"widget\" data-widget_type=\"heading.default\">\n\t\t\t\t<div class=\"elementor-widget-container\">\n\t\t\t<h6 class=\"elementor-heading-title elementor-size-default\">Minha miss\u00e3o<\/h6>\t\t<\/div>\n\t\t\t\t<\/div>\n\t\t\t\t<div class=\"elementor-element elementor-element-6daad7f elementor-widget elementor-widget-text-editor\" data-id=\"6daad7f\" data-element_type=\"widget\" data-widget_type=\"text-editor.default\">\n\t\t\t\t<div class=\"elementor-widget-container\">\n\t\t\t\t\t<div class=\"elementor-text-editor elementor-clearfix\">Eu te ensino como ser um profissional de destaque, desenvolvendo e potencializando suas habilidades comportamentais e compet\u00eancias emocionais.<\/div>\n\t\t\t\t<\/div>\n\t\t\t\t<\/div>\n\t\t\t\t<div class=\"elementor-element elementor-element-8871439 elementor-align-center elementor-widget elementor-widget-button\" data-id=\"8871439\" data-element_type=\"widget\" data-widget_type=\"button.default\">\n\t\t\t\t<div class=\"elementor-widget-container\">\n\t\t\t\t\t<div class=\"elementor-button-wrapper\">\n\t\t\t<a href=\"https:\/\/t.me\/carolmiradh\" class=\"elementor-button-link elementor-button elementor-size-sm elementor-animation-pulse\" role=\"button\">\n\t\t\t\t\t\t<span class=\"elementor-button-content-wrapper\">\n\t\t\t\t\t\t<span class=\"elementor-button-text\">ENTRE NA COMUNIDADE DO TELEGRAM<\/span>\n\t\t<\/span>\n\t\t\t\t\t<\/a>\n\t\t<\/div>\n\t\t\t\t<\/div>\n\t\t\t\t<\/div>\n\t\t\t\t\t\t<\/div>\n\t\t\t\t\t<\/div>\n\t\t<\/div>\n\t\t\t\t<div class=\"elementor-column elementor-col-50 elementor-top-column elementor-element elementor-element-2ba1e46\" data-id=\"2ba1e46\" data-element_type=\"column\">\n\t\t\t<div class=\"elementor-column-wrap elementor-element-populated\">\n\t\t\t\t\t\t\t<div class=\"elementor-widget-wrap\">\n\t\t\t\t\t\t<div class=\"elementor-element elementor-element-5729fd9 elementor-widget elementor-widget-image\" data-id=\"5729fd9\" data-element_type=\"widget\" data-widget_type=\"image.default\">\n\t\t\t\t<div class=\"elementor-widget-container\">\n\t\t\t\t\t<div class=\"elementor-image\">\n\t\t\t\t\t\t\t\t\t\t<img loading=\"lazy\" decoding=\"async\" width=\"960\" height=\"500\" src=\"https:\/\/carolmira.com\/wp-content\/uploads\/2020\/12\/carol-mira-sorrindo.jpg\" class=\"attachment-large size-large\" alt=\"carol-mira-sorrindo\" srcset=\"https:\/\/carolmira.com\/wp-content\/uploads\/2020\/12\/carol-mira-sorrindo.jpg 960w, https:\/\/carolmira.com\/wp-content\/uploads\/2020\/12\/carol-mira-sorrindo-300x156.jpg 300w, https:\/\/carolmira.com\/wp-content\/uploads\/2020\/12\/carol-mira-sorrindo-768x400.jpg 768w\" sizes=\"(max-width: 960px) 100vw, 960px\" \/>\t\t\t\t\t\t\t\t\t\t\t<\/div>\n\t\t\t\t<\/div>\n\t\t\t\t<\/div>\n\t\t\t\t\t\t<\/div>\n\t\t\t\t\t<\/div>\n\t\t<\/div>\n\t\t\t\t\t\t\t\t<\/div>\n\t\t\t\t\t<\/div>\n\t\t<\/section>\n\t\t\t\t<section class=\"elementor-section elementor-top-section elementor-element elementor-element-9434344 elementor-section-full_width elementor-section-stretched elementor-section-height-default elementor-section-height-default\" data-id=\"9434344\" data-element_type=\"section\" data-settings=\"{&quot;stretch_section&quot;:&quot;section-stretched&quot;}\">\n\t\t\t\t\t\t<div class=\"elementor-container elementor-column-gap-default\">\n\t\t\t\t\t\t\t<div class=\"elementor-row\">\n\t\t\t\t\t<div class=\"elementor-column elementor-col-33 elementor-top-column elementor-element elementor-element-7b33a50\" data-id=\"7b33a50\" data-element_type=\"column\">\n\t\t\t<div class=\"elementor-column-wrap elementor-element-populated\">\n\t\t\t\t\t\t\t<div class=\"elementor-widget-wrap\">\n\t\t\t\t\t\t<div class=\"elementor-element elementor-element-3ffced1 elementor-widget elementor-widget-image\" data-id=\"3ffced1\" data-element_type=\"widget\" data-widget_type=\"image.default\">\n\t\t\t\t<div class=\"elementor-widget-container\">\n\t\t\t\t\t<div class=\"elementor-image\">\n\t\t\t\t\t\t\t\t\t\t<img loading=\"lazy\" decoding=\"async\" width=\"504\" height=\"756\" src=\"https:\/\/carolmira.com\/wp-content\/uploads\/2020\/12\/carol-mira-azul.jpg\" class=\"attachment-large size-large\" alt=\"carol-mira-azul\" srcset=\"https:\/\/carolmira.com\/wp-content\/uploads\/2020\/12\/carol-mira-azul.jpg 504w, https:\/\/carolmira.com\/wp-content\/uploads\/2020\/12\/carol-mira-azul-200x300.jpg 200w\" sizes=\"(max-width: 504px) 100vw, 504px\" \/>\t\t\t\t\t\t\t\t\t\t\t<\/div>\n\t\t\t\t<\/div>\n\t\t\t\t<\/div>\n\t\t\t\t\t\t<\/div>\n\t\t\t\t\t<\/div>\n\t\t<\/div>\n\t\t\t\t<div class=\"elementor-column elementor-col-66 elementor-top-column elementor-element elementor-element-cd57664\" data-id=\"cd57664\" data-element_type=\"column\" data-settings=\"{&quot;background_background&quot;:&quot;classic&quot;}\">\n\t\t\t<div class=\"elementor-column-wrap elementor-element-populated\">\n\t\t\t\t\t\t\t<div class=\"elementor-widget-wrap\">\n\t\t\t\t\t\t<div class=\"elementor-element elementor-element-569c496 elementor-widget elementor-widget-heading\" data-id=\"569c496\" data-element_type=\"widget\" data-widget_type=\"heading.default\">\n\t\t\t\t<div class=\"elementor-widget-container\">\n\t\t\t<h3 class=\"elementor-heading-title elementor-size-default\">Sobre Carol Mira<\/h3>\t\t<\/div>\n\t\t\t\t<\/div>\n\t\t\t\t<div class=\"elementor-element elementor-element-29b0253 elementor-widget elementor-widget-text-editor\" data-id=\"29b0253\" data-element_type=\"widget\" data-widget_type=\"text-editor.default\">\n\t\t\t\t<div class=\"elementor-widget-container\">\n\t\t\t\t\t<div class=\"elementor-text-editor elementor-clearfix\"><p><b>MASTER COACH,<\/b> certificada pela Febracis \/ FCU-US &#8211; Golden Belt<br><b>MASTER PRACTITIONER<\/b> em Programa\u00e7\u00e3o Neuro Lingu\u00edstica &#8211; SBPNL<br><b>ANALISTA DE PERFIL COMPORTAMENTAL<\/b> &#8211; Febracis<br><b>PALESTRANTE E TREINADORA<\/b> na COM Bianco Desenvolvimento Humano e \u00c1GIL Escolas de Neg\u00f3cios<br><b>EMPRES\u00c1RIA<\/b> h\u00e1 4 anos e ESPECIALISTA em Gest\u00e3o de Peq. Empresas<br><b>ADMINISTRADORA DE EMPRESAS<\/b> &#8211; PUC SP<br><b>P\u00d3S GRADUADA<\/b> em Consultoria Empresarial &#8211; FIA-USP<br><b>CRIADORA DO M\u00c9TODO AGORA VAI<\/b> e do PLP (Programa de Lapida\u00e7\u00e3o Profissional).<br>Mais de <b>500 h<\/b> em atendimentos individuais e em grupos.<br>Aprox. <b>1500h<\/b> de treinamentos e forma\u00e7\u00f5es (capacita\u00e7\u00e3o).<\/p><\/div>\n\t\t\t\t<\/div>\n\t\t\t\t<\/div>\n\t\t\t\t\t\t<\/div>\n\t\t\t\t\t<\/div>\n\t\t<\/div>\n\t\t\t\t\t\t\t\t<\/div>\n\t\t\t\t\t<\/div>\n\t\t<\/section>\n\t\t\t\t\t\t<\/div>\n\t\t\t\t\t\t<\/div>\n\t\t\t\t\t<\/div>\n\t\t","protected":false},"excerpt":{"rendered":"<p>Sobre Newsletter Receba novidades no seu email &#8220;O seu sucesso \u00e9 decis\u00e3o, s\u00f3 depende de voc\u00ea&#8221; QUEM \u00c9 CAROL MIRA Desenvolvimento Pessoal e Profissional Minha miss\u00e3o Eu te ensino como ser um profissional de destaque, desenvolvendo e potencializando suas habilidades comportamentais e compet\u00eancias emocionais. ENTRE NA COMUNIDADE DO TELEGRAM Sobre Carol Mira MASTER COACH, certificada pela Febracis \/ FCU-US &#8211; Golden Belt MASTER PRACTITIONER em Programa\u00e7\u00e3o Neuro Lingu\u00edstica &#8211; SBPNL ANALISTA DE PERFIL COMPORTAMENTAL &#8211; &hellip;<\/p>\n<p class=\"read-more\"> <a class=\"\" href=\"https:\/\/carolmira.com\/?page_id=114\"> <span class=\"screen-reader-text\">Sobre<\/span> Leia mais &raquo;<\/a><\/p>\n","protected":false},"author":1,"featured_media":0,"parent":0,"menu_order":0,"comment_status":"closed","ping_status":"closed","template":"","meta":{"footnotes":""},"yoast_head":"<!-- This site is optimized with the Yoast SEO plugin v15.5 - https:\/\/yoast.com\/wordpress\/plugins\/seo\/ -->\n<title>Sobre | Coaching | Carol Mira<\/title>\n<meta name=\"description\" content=\"A coaching Carol Mira tem como prop\u00f3sito te ajudar a ser um profissional de sucesso e desenvolver as suas habilidades comportamentais.\" \/>\n<meta name=\"robots\" content=\"index, follow, max-snippet:-1, max-image-preview:large, max-video-preview:-1\" \/>\n<link rel=\"canonical\" href=\"https:\/\/carolmira.com\/?page_id=114\" \/>\n<meta property=\"og:locale\" content=\"pt_BR\" \/>\n<meta property=\"og:type\" content=\"article\" \/>\n<meta property=\"og:title\" content=\"Sobre | Coaching Carol Mira\" \/>\n<meta property=\"og:description\" content=\"A coaching Carol Mira tem como prop\u00f3sito te ajudar a ser um profissional de sucesso e desenvolver as suas habilidades comportamentais.\" \/>\n<meta property=\"og:url\" content=\"https:\/\/carolmira.com\/?page_id=114\" \/>\n<meta property=\"og:site_name\" content=\"Carol Mira\" \/>\n<meta property=\"article:publisher\" content=\"https:\/\/www.facebook.com\/carol.mira.756\" \/>\n<meta property=\"article:modified_time\" content=\"2021-02-24T00:01:00+00:00\" \/>\n<meta property=\"og:image\" content=\"https:\/\/carolmira.com\/wp-content\/uploads\/2020\/12\/carol-mira-sorrindo.jpg\" \/>\n\t<meta property=\"og:image:width\" content=\"960\" \/>\n\t<meta property=\"og:image:height\" content=\"500\" \/>\n<meta name=\"twitter:card\" content=\"summary_large_image\" \/>\n<meta name=\"twitter:label1\" content=\"Est. reading time\">\n\t<meta name=\"twitter:data1\" content=\"1 minuto\">\n<script type=\"application\/ld+json\" class=\"yoast-schema-graph\">{\"@context\":\"https:\/\/schema.org\",\"@graph\":[{\"@type\":\"Organization\",\"@id\":\"https:\/\/carolmira.com\/#organization\",\"name\":\"Carol Mira\",\"url\":\"https:\/\/carolmira.com\/\",\"sameAs\":[\"https:\/\/www.facebook.com\/carol.mira.756\"],\"logo\":{\"@type\":\"ImageObject\",\"@id\":\"https:\/\/carolmira.com\/#logo\",\"inLanguage\":\"pt-BR\",\"url\":\"https:\/\/carolmira.com\/wp-content\/uploads\/2021\/01\/logo-carol-mira-text-black.png\",\"width\":200,\"height\":200,\"caption\":\"Carol Mira\"},\"image\":{\"@id\":\"https:\/\/carolmira.com\/#logo\"}},{\"@type\":\"WebSite\",\"@id\":\"https:\/\/carolmira.com\/#website\",\"url\":\"https:\/\/carolmira.com\/\",\"name\":\"Carol Mira\",\"description\":\"Carol Mira - Coaching | Palestras | Treinamentos\",\"publisher\":{\"@id\":\"https:\/\/carolmira.com\/#organization\"},\"potentialAction\":[{\"@type\":\"SearchAction\",\"target\":\"https:\/\/carolmira.com\/?s={search_term_string}\",\"query-input\":\"required name=search_term_string\"}],\"inLanguage\":\"pt-BR\"},{\"@type\":\"ImageObject\",\"@id\":\"https:\/\/carolmira.com\/?page_id=114#primaryimage\",\"inLanguage\":\"pt-BR\",\"url\":\"http:\/\/carolmira.com\/wp-content\/uploads\/2020\/12\/carol-mira-sorrindo.jpg\"},{\"@type\":\"WebPage\",\"@id\":\"https:\/\/carolmira.com\/?page_id=114#webpage\",\"url\":\"https:\/\/carolmira.com\/?page_id=114\",\"name\":\"Sobre | Coaching | Carol Mira\",\"isPartOf\":{\"@id\":\"https:\/\/carolmira.com\/#website\"},\"primaryImageOfPage\":{\"@id\":\"https:\/\/carolmira.com\/?page_id=114#primaryimage\"},\"datePublished\":\"2020-12-21T12:31:05+00:00\",\"dateModified\":\"2021-02-24T00:01:00+00:00\",\"description\":\"A coaching Carol Mira tem como prop\\u00f3sito te ajudar a ser um profissional de sucesso e desenvolver as suas habilidades comportamentais.\",\"inLanguage\":\"pt-BR\",\"potentialAction\":[{\"@type\":\"ReadAction\",\"target\":[\"https:\/\/carolmira.com\/?page_id=114\"]}]}]}<\/script>\n<!-- \/ Yoast SEO plugin. -->","_links":{"self":[{"href":"https:\/\/carolmira.com\/index.php?rest_route=\/wp\/v2\/pages\/114"}],"collection":[{"href":"https:\/\/carolmira.com\/index.php?rest_route=\/wp\/v2\/pages"}],"about":[{"href":"https:\/\/carolmira.com\/index.php?rest_route=\/wp\/v2\/types\/page"}],"author":[{"embeddable":true,"href":"https:\/\/carolmira.com\/index.php?rest_route=\/wp\/v2\/users\/1"}],"replies":[{"embeddable":true,"href":"https:\/\/carolmira.com\/index.php?rest_route=%2Fwp%2Fv2%2Fcomments&post=114"}],"version-history":[{"count":50,"href":"https:\/\/carolmira.com\/index.php?rest_route=\/wp\/v2\/pages\/114\/revisions"}],"predecessor-version":[{"id":704,"href":"https:\/\/carolmira.com\/index.php?rest_route=\/wp\/v2\/pages\/114\/revisions\/704"}],"wp:attachment":[{"href":"https:\/\/carolmira.com\/index.php?rest_route=%2Fwp%2Fv2%2Fmedia&parent=114"}],"curies":[{"name":"wp","href":"https:\/\/api.w.org\/{rel}","templated":true}]}}